{"id":12,"date":"2025-11-30T09:44:19","date_gmt":"2025-11-30T12:44:19","guid":{"rendered":"https:\/\/pclproducoes.com.br\/?page_id=12"},"modified":"2025-12-03T19:30:10","modified_gmt":"2025-12-03T22:30:10","slug":"home","status":"publish","type":"page","link":"https:\/\/pclproducoes.com.br\/","title":{"rendered":"Home"},"content":{"rendered":"\t\t<div data-elementor-type=\"wp-page\" data-elementor-id=\"12\" class=\"elementor elementor-12\" data-elementor-post-type=\"page\">\n\t\t\t\t<div class=\"elementor-element elementor-element-bb2fc78 e-con-full e-flex e-con e-parent\" data-id=\"bb2fc78\" data-element_type=\"container\" data-settings=\"{&quot;background_background&quot;:&quot;classic&quot;}\">\n\t\t\t\t<div class=\"elementor-element elementor-element-4748a92 elementor-invisible elementor-widget elementor-widget-image\" data-id=\"4748a92\" data-element_type=\"widget\" data-settings=\"{&quot;_animation&quot;:&quot;fadeInUp&quot;}\" data-widget_type=\"image.default\">\n\t\t\t\t\t\t\t\t\t\t\t\t\t\t\t<img fetchpriority=\"high\" decoding=\"async\" width=\"800\" height=\"358\" src=\"https:\/\/pclproducoes.com.br\/wp-content\/uploads\/2025\/12\/pcllogo.png\" class=\"attachment-large size-large wp-image-32\" alt=\"\" srcset=\"https:\/\/pclproducoes.com.br\/wp-content\/uploads\/2025\/12\/pcllogo.png 1000w, https:\/\/pclproducoes.com.br\/wp-content\/uploads\/2025\/12\/pcllogo-300x134.png 300w, https:\/\/pclproducoes.com.br\/wp-content\/uploads\/2025\/12\/pcllogo-768x343.png 768w\" sizes=\"(max-width: 800px) 100vw, 800px\" \/>\t\t\t\t\t\t\t\t\t\t\t\t\t\t\t<\/div>\n\t\t\t\t<div class=\"elementor-element elementor-element-d0d2fbe elementor-widget__width-initial elementor-invisible elementor-widget elementor-widget-heading\" data-id=\"d0d2fbe\" data-element_type=\"widget\" data-settings=\"{&quot;_animation&quot;:&quot;flash&quot;}\" data-widget_type=\"heading.default\">\n\t\t\t\t\t<h2 class=\"elementor-heading-title elementor-size-default\">Site em constru\u00e7\u00e3o<\/h2>\t\t\t\t<\/div>\n\t\t<div class=\"elementor-element elementor-element-713b015 e-flex e-con-boxed e-con e-child\" data-id=\"713b015\" data-element_type=\"container\">\n\t\t\t\t\t<div class=\"e-con-inner\">\n\t\t\t\t<div class=\"elementor-element elementor-element-aebacbe elementor-position-left elementor-vertical-align-middle elementor-widget__width-inherit elementor-position-left elementor-vertical-align-top elementor-widget-mobile__width-inherit elementor-invisible elementor-widget elementor-widget-image-box\" data-id=\"aebacbe\" data-element_type=\"widget\" data-settings=\"{&quot;_animation&quot;:&quot;fadeInUp&quot;}\" data-widget_type=\"image-box.default\">\n\t\t\t\t\t<div class=\"elementor-image-box-wrapper\"><figure class=\"elementor-image-box-img\"><a href=\"http:\/\/wa.me\/5562996561616\" target=\"_blank\" tabindex=\"-1\"><img decoding=\"async\" width=\"82\" height=\"83\" src=\"https:\/\/pclproducoes.com.br\/wp-content\/uploads\/2025\/11\/Whatsapp.png\" class=\"attachment-full size-full wp-image-21\" alt=\"\" \/><\/a><\/figure><div class=\"elementor-image-box-content\"><h3 class=\"elementor-image-box-title\"><a href=\"http:\/\/wa.me\/5562996561616\" target=\"_blank\">Whatsapp<\/a><\/h3><p class=\"elementor-image-box-description\">62 99656-1616<\/p><\/div><\/div>\t\t\t\t<\/div>\n\t\t\t\t<div class=\"elementor-element elementor-element-fb9d641 elementor-position-left elementor-vertical-align-middle elementor-widget__width-inherit elementor-widget-mobile__width-inherit elementor-position-left elementor-vertical-align-top elementor-invisible elementor-widget elementor-widget-image-box\" data-id=\"fb9d641\" data-element_type=\"widget\" data-settings=\"{&quot;_animation&quot;:&quot;fadeInUp&quot;}\" data-widget_type=\"image-box.default\">\n\t\t\t\t\t<div class=\"elementor-image-box-wrapper\"><figure class=\"elementor-image-box-img\"><a href=\"mailto:rafael@pclproducoes.com.br\" target=\"_blank\" tabindex=\"-1\"><img decoding=\"async\" width=\"82\" height=\"84\" src=\"https:\/\/pclproducoes.com.br\/wp-content\/uploads\/2025\/11\/email.png\" class=\"attachment-full size-full wp-image-19\" alt=\"\" \/><\/a><\/figure><div class=\"elementor-image-box-content\"><h3 class=\"elementor-image-box-title\"><a href=\"mailto:rafael@pclproducoes.com.br\" target=\"_blank\">e-mail<\/a><\/h3><p class=\"elementor-image-box-description\">rafael@pclproducoes.com.br<\/p><\/div><\/div>\t\t\t\t<\/div>\n\t\t\t\t<div class=\"elementor-element elementor-element-1dc6e00 elementor-position-left elementor-vertical-align-middle elementor-widget__width-inherit elementor-widget-mobile__width-inherit elementor-position-left elementor-vertical-align-top elementor-invisible elementor-widget elementor-widget-image-box\" data-id=\"1dc6e00\" data-element_type=\"widget\" data-settings=\"{&quot;_animation&quot;:&quot;fadeInUp&quot;}\" data-widget_type=\"image-box.default\">\n\t\t\t\t\t<div class=\"elementor-image-box-wrapper\"><figure class=\"elementor-image-box-img\"><a href=\"https:\/\/www.instagram.com\/pclproducoes\/\" target=\"_blank\" tabindex=\"-1\"><img loading=\"lazy\" decoding=\"async\" width=\"82\" height=\"84\" src=\"https:\/\/pclproducoes.com.br\/wp-content\/uploads\/2025\/11\/insta.png\" class=\"attachment-full size-full wp-image-20\" alt=\"\" \/><\/a><\/figure><div class=\"elementor-image-box-content\"><h3 class=\"elementor-image-box-title\"><a href=\"https:\/\/www.instagram.com\/pclproducoes\/\" target=\"_blank\">instagram<\/a><\/h3><p class=\"elementor-image-box-description\">@pclproducoes<\/p><\/div><\/div>\t\t\t\t<\/div>\n\t\t\t\t\t<\/div>\n\t\t\t\t<\/div>\n\t\t\t\t<div class=\"elementor-element elementor-element-321a761 elementor-widget elementor-widget-heading\" data-id=\"321a761\" data-element_type=\"widget\" data-widget_type=\"heading.default\">\n\t\t\t\t\t<h2 class=\"elementor-heading-title elementor-size-default\">Goi\u00e2nia \/ GO \/  Brasil<\/h2>\t\t\t\t<\/div>\n\t\t\t\t<\/div>\n\t\t\t\t<\/div>\n\t\t","protected":false},"excerpt":{"rendered":"<p>Site em constru\u00e7\u00e3o Whatsapp 62 99656-1616 e-mail rafael@pclproducoes.com.br instagram @pclproducoes Goi\u00e2nia \/ GO \/ Brasil<\/p>\n","protected":false},"author":1,"featured_media":0,"parent":0,"menu_order":0,"comment_status":"closed","ping_status":"closed","template":"elementor_canvas","meta":{"footnotes":""},"class_list":["post-12","page","type-page","status-publish","hentry"],"_links":{"self":[{"href":"https:\/\/pclproducoes.com.br\/index.php\/wp-json\/wp\/v2\/pages\/12","targetHints":{"allow":["GET"]}}],"collection":[{"href":"https:\/\/pclproducoes.com.br\/index.php\/wp-json\/wp\/v2\/pages"}],"about":[{"href":"https:\/\/pclproducoes.com.br\/index.php\/wp-json\/wp\/v2\/types\/page"}],"author":[{"embeddable":true,"href":"https:\/\/pclproducoes.com.br\/index.php\/wp-json\/wp\/v2\/users\/1"}],"replies":[{"embeddable":true,"href":"https:\/\/pclproducoes.com.br\/index.php\/wp-json\/wp\/v2\/comments?post=12"}],"version-history":[{"count":37,"href":"https:\/\/pclproducoes.com.br\/index.php\/wp-json\/wp\/v2\/pages\/12\/revisions"}],"predecessor-version":[{"id":63,"href":"https:\/\/pclproducoes.com.br\/index.php\/wp-json\/wp\/v2\/pages\/12\/revisions\/63"}],"wp:attachment":[{"href":"https:\/\/pclproducoes.com.br\/index.php\/wp-json\/wp\/v2\/media?parent=12"}],"curies":[{"name":"wp","href":"https:\/\/api.w.org\/{rel}","templated":true}]}}